{"id":4328,"date":"2022-10-03T23:27:55","date_gmt":"2022-10-04T02:27:55","guid":{"rendered":"https:\/\/loja.arteduka.com.br\/shop\/?post_type=product&#038;p=4328"},"modified":"2023-10-06T20:19:30","modified_gmt":"2023-10-06T23:19:30","slug":"kit-iniciante-basico","status":"publish","type":"product","link":"https:\/\/loja.arteduka.com.br\/shop\/produto\/kit-iniciante-basico\/","title":{"rendered":"Kit B\u00e1sico para Iniciante"},"content":{"rendered":"<p>Com este kit de de ferramentas voc\u00ea j\u00e1 pode come\u00e7ar a aprender a modelagem em biscuit.<\/p>\n<p>Cada ferramenta que comp\u00f5e este kit te ajuda a criar muitas possibilidades de detalhes no seu biscuit.<\/p>\n<p>Crie rostinhos , bichinhos , potes decorados e lembrancinhas incr\u00edveis com este kit.<\/p>\n<p>Este kit b\u00e1sico para iniciante contem :<\/p>\n<p>1 rolinho antiaderente que serve para abrir a massa e por ser antiaderente n\u00e3o vai grudar na massa.<\/p>\n<p>1 Kit 12 pe\u00e7as de ferramentas incr\u00edveis e bem completas para te ajudar criar detalhes como texturas, cortes entre outros.<\/p>\n<p>1 ejetor que te ajudar criar v\u00e1rios tipos de bordas para potes, fios para cabelo de biscuit e muito mais.<\/p>\n<p>1 kit cortador redondo pequeno que te ajuda cortar c\u00edrculos de v\u00e1rios tamanhos de 0.5 \u00e0 7 cm de di\u00e2metro. Com ele voc\u00ea pode encapar tampas pequenas de potinhos , criar saia para bonecas entre outras milh\u00f5es de ideias que sua criatividade mandar<\/p>\n<p>1 kit estecas agulha que \u00e9 \u00f3timo para fazer emendas no biscuit , marca\u00e7\u00f5es de dobras de roupas , marca\u00e7\u00f5es no rosto de biscuit entre outros&#8230;<\/p>\n<p>1 balan\u00e7a digital de at\u00e9 500gr que te ajuda no controle de peso das massas de seus trabalhos.<\/p>\n<p>1 kit estecas Boleadoras 2 que serve para bolear a massa ou criar cavidade para colocar olho por exemplo.<\/p>\n<p>Com este combo b\u00e1sico de ferramentas voc\u00ea j\u00e1 pode come\u00e7ar a criar .<\/p>\n","protected":false},"excerpt":{"rendered":"<p>Com este kit de de ferramentas voc\u00ea j\u00e1 pode come\u00e7ar a aprender a modelagem em biscuit.<\/p>\n<p>Cada ferramenta que comp\u00f5e este kit te ajuda a criar muitas possibilidades de detalhes no seu biscuit.<\/p>\n<p>Crie rostinhos , bichinhos , potes decorados e lembrancinhas incr\u00edveis com este kit.<\/p>\n<p>Este kit b\u00e1sico para iniciante contem :<\/p>\n<p>1 rolinho antiaderente que serve para abrir a massa e por ser antiaderente n\u00e3o vai grudar na massa.<\/p>\n<p>1 Kit 12 pe\u00e7as de ferramentas incr\u00edveis e bem completas para te ajudar criar detalhes como texturas, cortes entre outros.<\/p>\n<p>1 ejetor que te ajudar criar v\u00e1rios tipos de bordas para potes, fios para cabelo de biscuit e muito mais.<\/p>\n<p>1 kit cortador redondo pequeno que te ajuda cortar c\u00edrculos de v\u00e1rios tamanhos de 0.5 \u00e0 7 cm de di\u00e2metro. Com ele voc\u00ea pode encapar tampas pequenas de potinhos , criar saia para bonecas entre outras milh\u00f5es de ideias que sua criatividade mandar<\/p>\n<p>1 kit estecas agulha que \u00e9 \u00f3timo para fazer emendas no biscuit , marca\u00e7\u00f5es de dobras de roupas , marca\u00e7\u00f5es no rosto de biscuit entre outros&#8230;<\/p>\n<p>1 balan\u00e7a digital de at\u00e9 500gr que te ajuda no controle de peso das massas de seus trabalhos.<\/p>\n<p>1 kit estecas Boleadoras 2 que serve para bolear a massa ou criar cavidade para colocar olho por exemplo.<\/p>\n<p>Com este combo b\u00e1sico de ferramentas voc\u00ea j\u00e1 pode come\u00e7ar a criar .<\/p>\n","protected":false},"featured_media":4329,"comment_status":"open","ping_status":"closed","template":"","meta":[],"product_cat":[15,119,160,125,118],"product_tag":[111,161],"class_list":{"0":"post-4328","1":"product","2":"type-product","3":"status-publish","4":"has-post-thumbnail","6":"product_cat-ferramentas-bluestar","7":"product_cat-cortadores-bluestar","8":"product_cat-kits","9":"product_cat-outros-materiais","10":"product_cat-pinceis","11":"product_tag-biscuit-para-iniciantes","12":"product_tag-kit-para-biscuit","14":"first","15":"outofstock","16":"shipping-taxable","17":"purchasable","18":"product-type-simple"},"yoast_head":"<!-- This site is optimized with the Yoast SEO plugin v23.0 - https:\/\/yoast.com\/wordpress\/plugins\/seo\/ -->\n<title>Kit B\u00e1sico para Iniciante - loja.arteduka<\/title>\n<meta name=\"robots\" content=\"index, follow, max-snippet:-1, max-image-preview:large, max-video-preview:-1\" \/>\n<link rel=\"canonical\" href=\"https:\/\/loja.arteduka.com.br\/shop\/produto\/kit-iniciante-basico\/\" \/>\n<meta property=\"og:locale\" content=\"pt_BR\" \/>\n<meta property=\"og:type\" content=\"article\" \/>\n<meta property=\"og:title\" content=\"Kit B\u00e1sico para Iniciante - loja.arteduka\" \/>\n<meta property=\"og:description\" content=\"Com este kit de de ferramentas voc\u00ea j\u00e1 pode come\u00e7ar a aprender a modelagem em biscuit.  Cada ferramenta que comp\u00f5e este kit te ajuda a criar muitas possibilidades de detalhes no seu biscuit.  Crie rostinhos , bichinhos , potes decorados e lembrancinhas incr\u00edveis com este kit.  Este kit b\u00e1sico para iniciante contem :  1 rolinho antiaderente que serve para abrir a massa e por ser antiaderente n\u00e3o vai grudar na massa.  1 Kit 12 pe\u00e7as de ferramentas incr\u00edveis e bem completas para te ajudar criar detalhes como texturas, cortes entre outros.  1 ejetor que te ajudar criar v\u00e1rios tipos de bordas para potes, fios para cabelo de biscuit e muito mais.  1 kit cortador redondo pequeno que te ajuda cortar c\u00edrculos de v\u00e1rios tamanhos de 0.5 \u00e0 7 cm de di\u00e2metro. Com ele voc\u00ea pode encapar tampas pequenas de potinhos , criar saia para bonecas entre outras milh\u00f5es de ideias que sua criatividade mandar  1 kit estecas agulha que \u00e9 \u00f3timo para fazer emendas no biscuit , marca\u00e7\u00f5es de dobras de roupas , marca\u00e7\u00f5es no rosto de biscuit entre outros...  1 balan\u00e7a digital de at\u00e9 500gr que te ajuda no controle de peso das massas de seus trabalhos.  1 kit estecas Boleadoras 2 que serve para bolear a massa ou criar cavidade para colocar olho por exemplo.  Com este combo b\u00e1sico de ferramentas voc\u00ea j\u00e1 pode come\u00e7ar a criar .\" \/>\n<meta property=\"og:url\" content=\"https:\/\/loja.arteduka.com.br\/shop\/produto\/kit-iniciante-basico\/\" \/>\n<meta property=\"og:site_name\" content=\"loja.arteduka\" \/>\n<meta property=\"article:publisher\" content=\"https:\/\/www.facebook.com\/arteduka\" \/>\n<meta property=\"article:modified_time\" content=\"2023-10-06T23:19:30+00:00\" \/>\n<meta property=\"og:image\" content=\"https:\/\/loja.arteduka.com.br\/wp-content\/uploads\/2022\/10\/kit-iniciante-biscuit-basico.jpeg\" \/>\n\t<meta property=\"og:image:width\" content=\"1600\" \/>\n\t<meta property=\"og:image:height\" content=\"1050\" \/>\n\t<meta property=\"og:image:type\" content=\"image\/jpeg\" \/>\n<meta name=\"twitter:card\" content=\"summary_large_image\" \/>\n<meta name=\"twitter:label1\" content=\"Est. tempo de leitura\" \/>\n\t<meta name=\"twitter:data1\" content=\"2 minutos\" \/>\n<script type=\"application\/ld+json\" class=\"yoast-schema-graph\">{\"@context\":\"https:\/\/schema.org\",\"@graph\":[{\"@type\":\"WebPage\",\"@id\":\"https:\/\/loja.arteduka.com.br\/shop\/produto\/kit-iniciante-basico\/\",\"url\":\"https:\/\/loja.arteduka.com.br\/shop\/produto\/kit-iniciante-basico\/\",\"name\":\"Kit B\u00e1sico para Iniciante - loja.arteduka\",\"isPartOf\":{\"@id\":\"https:\/\/loja.arteduka.com.br\/shop\/#website\"},\"primaryImageOfPage\":{\"@id\":\"https:\/\/loja.arteduka.com.br\/shop\/produto\/kit-iniciante-basico\/#primaryimage\"},\"image\":{\"@id\":\"https:\/\/loja.arteduka.com.br\/shop\/produto\/kit-iniciante-basico\/#primaryimage\"},\"thumbnailUrl\":\"https:\/\/loja.arteduka.com.br\/wp-content\/uploads\/2022\/10\/kit-iniciante-biscuit-basico.jpeg\",\"datePublished\":\"2022-10-04T02:27:55+00:00\",\"dateModified\":\"2023-10-06T23:19:30+00:00\",\"breadcrumb\":{\"@id\":\"https:\/\/loja.arteduka.com.br\/shop\/produto\/kit-iniciante-basico\/#breadcrumb\"},\"inLanguage\":\"pt-BR\",\"potentialAction\":[{\"@type\":\"ReadAction\",\"target\":[\"https:\/\/loja.arteduka.com.br\/shop\/produto\/kit-iniciante-basico\/\"]}]},{\"@type\":\"ImageObject\",\"inLanguage\":\"pt-BR\",\"@id\":\"https:\/\/loja.arteduka.com.br\/shop\/produto\/kit-iniciante-basico\/#primaryimage\",\"url\":\"https:\/\/loja.arteduka.com.br\/wp-content\/uploads\/2022\/10\/kit-iniciante-biscuit-basico.jpeg\",\"contentUrl\":\"https:\/\/loja.arteduka.com.br\/wp-content\/uploads\/2022\/10\/kit-iniciante-biscuit-basico.jpeg\",\"width\":1600,\"height\":1050},{\"@type\":\"BreadcrumbList\",\"@id\":\"https:\/\/loja.arteduka.com.br\/shop\/produto\/kit-iniciante-basico\/#breadcrumb\",\"itemListElement\":[{\"@type\":\"ListItem\",\"position\":1,\"name\":\"In\u00edcio\",\"item\":\"https:\/\/loja.arteduka.com.br\/shop\/\"},{\"@type\":\"ListItem\",\"position\":2,\"name\":\"Materiais para Biscuit\",\"item\":\"https:\/\/loja.arteduka.com.br\/shop\/\"},{\"@type\":\"ListItem\",\"position\":3,\"name\":\"Kit B\u00e1sico para Iniciante\"}]},{\"@type\":\"WebSite\",\"@id\":\"https:\/\/loja.arteduka.com.br\/shop\/#website\",\"url\":\"https:\/\/loja.arteduka.com.br\/shop\/\",\"name\":\"loja.arteduka\",\"description\":\"materiais para biscuit\",\"publisher\":{\"@id\":\"https:\/\/loja.arteduka.com.br\/shop\/#organization\"},\"potentialAction\":[{\"@type\":\"SearchAction\",\"target\":{\"@type\":\"EntryPoint\",\"urlTemplate\":\"https:\/\/loja.arteduka.com.br\/shop\/?s={search_term_string}\"},\"query-input\":\"required name=search_term_string\"}],\"inLanguage\":\"pt-BR\"},{\"@type\":\"Organization\",\"@id\":\"https:\/\/loja.arteduka.com.br\/shop\/#organization\",\"name\":\"Arteduka\",\"url\":\"https:\/\/loja.arteduka.com.br\/shop\/\",\"logo\":{\"@type\":\"ImageObject\",\"inLanguage\":\"pt-BR\",\"@id\":\"https:\/\/loja.arteduka.com.br\/shop\/#\/schema\/logo\/image\/\",\"url\":\"https:\/\/loja.arteduka.com.br\/wp-content\/uploads\/2021\/06\/biscuit-3.png\",\"contentUrl\":\"https:\/\/loja.arteduka.com.br\/wp-content\/uploads\/2021\/06\/biscuit-3.png\",\"width\":32,\"height\":32,\"caption\":\"Arteduka\"},\"image\":{\"@id\":\"https:\/\/loja.arteduka.com.br\/shop\/#\/schema\/logo\/image\/\"},\"sameAs\":[\"https:\/\/www.facebook.com\/arteduka\",\"https:\/\/www.instagram.com\/arteduka\/\",\"https:\/\/www.youtube.com\/channel\/UC8FShWCe_tvSLnj3IONfFUA\"]}]}<\/script>\n<!-- \/ Yoast SEO plugin. -->","yoast_head_json":{"title":"Kit B\u00e1sico para Iniciante - loja.arteduka","robots":{"index":"index","follow":"follow","max-snippet":"max-snippet:-1","max-image-preview":"max-image-preview:large","max-video-preview":"max-video-preview:-1"},"canonical":"https:\/\/loja.arteduka.com.br\/shop\/produto\/kit-iniciante-basico\/","og_locale":"pt_BR","og_type":"article","og_title":"Kit B\u00e1sico para Iniciante - loja.arteduka","og_description":"Com este kit de de ferramentas voc\u00ea j\u00e1 pode come\u00e7ar a aprender a modelagem em biscuit.  Cada ferramenta que comp\u00f5e este kit te ajuda a criar muitas possibilidades de detalhes no seu biscuit.  Crie rostinhos , bichinhos , potes decorados e lembrancinhas incr\u00edveis com este kit.  Este kit b\u00e1sico para iniciante contem :  1 rolinho antiaderente que serve para abrir a massa e por ser antiaderente n\u00e3o vai grudar na massa.  1 Kit 12 pe\u00e7as de ferramentas incr\u00edveis e bem completas para te ajudar criar detalhes como texturas, cortes entre outros.  1 ejetor que te ajudar criar v\u00e1rios tipos de bordas para potes, fios para cabelo de biscuit e muito mais.  1 kit cortador redondo pequeno que te ajuda cortar c\u00edrculos de v\u00e1rios tamanhos de 0.5 \u00e0 7 cm de di\u00e2metro. Com ele voc\u00ea pode encapar tampas pequenas de potinhos , criar saia para bonecas entre outras milh\u00f5es de ideias que sua criatividade mandar  1 kit estecas agulha que \u00e9 \u00f3timo para fazer emendas no biscuit , marca\u00e7\u00f5es de dobras de roupas , marca\u00e7\u00f5es no rosto de biscuit entre outros...  1 balan\u00e7a digital de at\u00e9 500gr que te ajuda no controle de peso das massas de seus trabalhos.  1 kit estecas Boleadoras 2 que serve para bolear a massa ou criar cavidade para colocar olho por exemplo.  Com este combo b\u00e1sico de ferramentas voc\u00ea j\u00e1 pode come\u00e7ar a criar .","og_url":"https:\/\/loja.arteduka.com.br\/shop\/produto\/kit-iniciante-basico\/","og_site_name":"loja.arteduka","article_publisher":"https:\/\/www.facebook.com\/arteduka","article_modified_time":"2023-10-06T23:19:30+00:00","og_image":[{"width":1600,"height":1050,"url":"https:\/\/loja.arteduka.com.br\/wp-content\/uploads\/2022\/10\/kit-iniciante-biscuit-basico.jpeg","type":"image\/jpeg"}],"twitter_card":"summary_large_image","twitter_misc":{"Est. tempo de leitura":"2 minutos"},"schema":{"@context":"https:\/\/schema.org","@graph":[{"@type":"WebPage","@id":"https:\/\/loja.arteduka.com.br\/shop\/produto\/kit-iniciante-basico\/","url":"https:\/\/loja.arteduka.com.br\/shop\/produto\/kit-iniciante-basico\/","name":"Kit B\u00e1sico para Iniciante - loja.arteduka","isPartOf":{"@id":"https:\/\/loja.arteduka.com.br\/shop\/#website"},"primaryImageOfPage":{"@id":"https:\/\/loja.arteduka.com.br\/shop\/produto\/kit-iniciante-basico\/#primaryimage"},"image":{"@id":"https:\/\/loja.arteduka.com.br\/shop\/produto\/kit-iniciante-basico\/#primaryimage"},"thumbnailUrl":"https:\/\/loja.arteduka.com.br\/wp-content\/uploads\/2022\/10\/kit-iniciante-biscuit-basico.jpeg","datePublished":"2022-10-04T02:27:55+00:00","dateModified":"2023-10-06T23:19:30+00:00","breadcrumb":{"@id":"https:\/\/loja.arteduka.com.br\/shop\/produto\/kit-iniciante-basico\/#breadcrumb"},"inLanguage":"pt-BR","potentialAction":[{"@type":"ReadAction","target":["https:\/\/loja.arteduka.com.br\/shop\/produto\/kit-iniciante-basico\/"]}]},{"@type":"ImageObject","inLanguage":"pt-BR","@id":"https:\/\/loja.arteduka.com.br\/shop\/produto\/kit-iniciante-basico\/#primaryimage","url":"https:\/\/loja.arteduka.com.br\/wp-content\/uploads\/2022\/10\/kit-iniciante-biscuit-basico.jpeg","contentUrl":"https:\/\/loja.arteduka.com.br\/wp-content\/uploads\/2022\/10\/kit-iniciante-biscuit-basico.jpeg","width":1600,"height":1050},{"@type":"BreadcrumbList","@id":"https:\/\/loja.arteduka.com.br\/shop\/produto\/kit-iniciante-basico\/#breadcrumb","itemListElement":[{"@type":"ListItem","position":1,"name":"In\u00edcio","item":"https:\/\/loja.arteduka.com.br\/shop\/"},{"@type":"ListItem","position":2,"name":"Materiais para Biscuit","item":"https:\/\/loja.arteduka.com.br\/shop\/"},{"@type":"ListItem","position":3,"name":"Kit B\u00e1sico para Iniciante"}]},{"@type":"WebSite","@id":"https:\/\/loja.arteduka.com.br\/shop\/#website","url":"https:\/\/loja.arteduka.com.br\/shop\/","name":"loja.arteduka","description":"materiais para biscuit","publisher":{"@id":"https:\/\/loja.arteduka.com.br\/shop\/#organization"},"potentialAction":[{"@type":"SearchAction","target":{"@type":"EntryPoint","urlTemplate":"https:\/\/loja.arteduka.com.br\/shop\/?s={search_term_string}"},"query-input":"required name=search_term_string"}],"inLanguage":"pt-BR"},{"@type":"Organization","@id":"https:\/\/loja.arteduka.com.br\/shop\/#organization","name":"Arteduka","url":"https:\/\/loja.arteduka.com.br\/shop\/","logo":{"@type":"ImageObject","inLanguage":"pt-BR","@id":"https:\/\/loja.arteduka.com.br\/shop\/#\/schema\/logo\/image\/","url":"https:\/\/loja.arteduka.com.br\/wp-content\/uploads\/2021\/06\/biscuit-3.png","contentUrl":"https:\/\/loja.arteduka.com.br\/wp-content\/uploads\/2021\/06\/biscuit-3.png","width":32,"height":32,"caption":"Arteduka"},"image":{"@id":"https:\/\/loja.arteduka.com.br\/shop\/#\/schema\/logo\/image\/"},"sameAs":["https:\/\/www.facebook.com\/arteduka","https:\/\/www.instagram.com\/arteduka\/","https:\/\/www.youtube.com\/channel\/UC8FShWCe_tvSLnj3IONfFUA"]}]}},"jetpack_sharing_enabled":true,"_links":{"self":[{"href":"https:\/\/loja.arteduka.com.br\/shop\/wp-json\/wp\/v2\/product\/4328"}],"collection":[{"href":"https:\/\/loja.arteduka.com.br\/shop\/wp-json\/wp\/v2\/product"}],"about":[{"href":"https:\/\/loja.arteduka.com.br\/shop\/wp-json\/wp\/v2\/types\/product"}],"replies":[{"embeddable":true,"href":"https:\/\/loja.arteduka.com.br\/shop\/wp-json\/wp\/v2\/comments?post=4328"}],"wp:featuredmedia":[{"embeddable":true,"href":"https:\/\/loja.arteduka.com.br\/shop\/wp-json\/wp\/v2\/media\/4329"}],"wp:attachment":[{"href":"https:\/\/loja.arteduka.com.br\/shop\/wp-json\/wp\/v2\/media?parent=4328"}],"wp:term":[{"taxonomy":"product_cat","embeddable":true,"href":"https:\/\/loja.arteduka.com.br\/shop\/wp-json\/wp\/v2\/product_cat?post=4328"},{"taxonomy":"product_tag","embeddable":true,"href":"https:\/\/loja.arteduka.com.br\/shop\/wp-json\/wp\/v2\/product_tag?post=4328"}],"curies":[{"name":"wp","href":"https:\/\/api.w.org\/{rel}","templated":true}]}}