{"id":3716,"date":"2021-01-06T16:46:57","date_gmt":"2021-01-06T19:46:57","guid":{"rendered":"https:\/\/loja.arteduka.com.br\/shop\/?post_type=product&#038;p=3716"},"modified":"2025-01-21T09:45:44","modified_gmt":"2025-01-21T12:45:44","slug":"molde-de-silicone-para-biscuit-olhinhos","status":"publish","type":"product","link":"https:\/\/loja.arteduka.com.br\/shop\/produto\/molde-de-silicone-para-biscuit-olhinhos\/","title":{"rendered":"Molde de Silicone Para Biscuit Olhinhos"},"content":{"rendered":"<p><iframe loading=\"lazy\" title=\"Molde de Silicone para Biscuit - Olhinhos\" width=\"1200\" height=\"900\" src=\"https:\/\/www.youtube.com\/embed\/SY9sYRctRPM?feature=oembed\" frameborder=\"0\" allow=\"accelerometer; autoplay; clipboard-write; encrypted-media; gyroscope; picture-in-picture\" allowfullscreen><\/iframe><\/p>\n<p>MOLDE DE SILICONE PARA BISCUIT &#8211; OLHINHOS &#8211; Molde \u00e0 pronta-entrega<\/p>\n<p>* Molde de olhos para produzir v\u00e1rios tamanhos de olhos para as suas esculturas.<\/p>\n<p>* Serve tanto para rostos realistas como para personagens e bonecos personalizados.<\/p>\n<p>* O molde n\u00e3o \u00e9 bipartido.<\/p>\n<p><span style=\"color: #ffffff;\">molde de olho<\/span><\/p>\n<p>* Medidas dos olhos tirados do molde:<br \/>\n1,5cm de di\u00e2metro.<br \/>\n1 cm de di\u00e2metro.<br \/>\n0,8 cm de di\u00e2metro.<br \/>\n0,7 cm de di\u00e2metro.<br \/>\n0,5 cm de di\u00e2metro.<br \/>\n0,3 cm de di\u00e2metro.<\/p>\n<p>* Produto original feito pela Arteduka;<br \/>\nA pe\u00e7a matriz foi criada, desenvolvida e modelada \u00e0 m\u00e3o pela artista pl\u00e1stica Aline Marinho, professora da Arteduka.<\/p>\n<p>* Obs: Imagem meramente ilustrativa, as cores do molde podem variar e pe\u00e7as de exemplo n\u00e3o acompanham o molde. C\u00f3digo do produto (COD03)<\/p>\n<p><span style=\"color: #ffffff;\">molde de olho<\/span><\/p>\n","protected":false},"excerpt":{"rendered":"<p>Utilize esse molde de silicone para criar seus pr\u00f3prios olhinhos para suas modelagens.<\/p>\n<p>Molde \u00e0 pronta-entrega<\/p>\n<p>Este molde \u00e9 ideal para criar olhos para personagens, colecion\u00e1veis, rostos realistas, rostos personalizados em geral possibilitando assim que voc\u00ea possa criar v\u00e1rios olhinhos e deixar pronto para agilizar o seu processo de produ\u00e7\u00e3o, al\u00e9m de deixar os olhinhos do mesmo tamanho, possibilitando que sua pe\u00e7a fique mais perfeita.<\/p>\n","protected":false},"featured_media":3960,"comment_status":"open","ping_status":"closed","template":"","meta":[],"product_cat":[113],"product_tag":[22,111,110,23],"class_list":{"0":"post-3716","1":"product","2":"type-product","3":"status-publish","4":"has-post-thumbnail","6":"product_cat-molde-de-silicone-para-biscuit","7":"product_tag-biscuit","8":"product_tag-biscuit-para-iniciantes","9":"product_tag-material-para-biscuit","10":"product_tag-molde-de-silicone","12":"first","13":"instock","14":"shipping-taxable","15":"purchasable","16":"product-type-simple"},"yoast_head":"<!-- This site is optimized with the Yoast SEO plugin v23.0 - https:\/\/yoast.com\/wordpress\/plugins\/seo\/ -->\n<title>Molde de Olho - Molde de Silicone para Biscuit - loja.arteduka<\/title>\n<meta name=\"description\" content=\"Molde de Olho . para criar olhos para personagens, colecion\u00e1veis, rostos realistas, rostos personalizados .Modelos a pronta entrega.\" \/>\n<meta name=\"robots\" content=\"index, follow, max-snippet:-1, max-image-preview:large, max-video-preview:-1\" \/>\n<link rel=\"canonical\" href=\"https:\/\/loja.arteduka.com.br\/shop\/produto\/molde-de-silicone-para-biscuit-olhinhos\/\" \/>\n<meta property=\"og:locale\" content=\"pt_BR\" \/>\n<meta property=\"og:type\" content=\"article\" \/>\n<meta property=\"og:title\" content=\"Molde de Olho - Molde de Silicone para Biscuit - loja.arteduka\" \/>\n<meta property=\"og:description\" content=\"Molde de Olho . para criar olhos para personagens, colecion\u00e1veis, rostos realistas, rostos personalizados .Modelos a pronta entrega.\" \/>\n<meta property=\"og:url\" content=\"https:\/\/loja.arteduka.com.br\/shop\/produto\/molde-de-silicone-para-biscuit-olhinhos\/\" \/>\n<meta property=\"og:site_name\" content=\"loja.arteduka\" \/>\n<meta property=\"article:publisher\" content=\"https:\/\/www.facebook.com\/arteduka\" \/>\n<meta property=\"article:modified_time\" content=\"2025-01-21T12:45:44+00:00\" \/>\n<meta property=\"og:image\" content=\"https:\/\/loja.arteduka.com.br\/wp-content\/uploads\/2021\/01\/molde-de-silicone-para-biscuit-olhinhos-5.jpeg\" \/>\n\t<meta property=\"og:image:width\" content=\"1500\" \/>\n\t<meta property=\"og:image:height\" content=\"1405\" \/>\n\t<meta property=\"og:image:type\" content=\"image\/jpeg\" \/>\n<meta name=\"twitter:card\" content=\"summary_large_image\" \/>\n<meta name=\"twitter:label1\" content=\"Est. tempo de leitura\" \/>\n\t<meta name=\"twitter:data1\" content=\"1 minuto\" \/>\n<script type=\"application\/ld+json\" class=\"yoast-schema-graph\">{\"@context\":\"https:\/\/schema.org\",\"@graph\":[{\"@type\":\"WebPage\",\"@id\":\"https:\/\/loja.arteduka.com.br\/shop\/produto\/molde-de-silicone-para-biscuit-olhinhos\/\",\"url\":\"https:\/\/loja.arteduka.com.br\/shop\/produto\/molde-de-silicone-para-biscuit-olhinhos\/\",\"name\":\"Molde de Olho - Molde de Silicone para Biscuit - loja.arteduka\",\"isPartOf\":{\"@id\":\"https:\/\/loja.arteduka.com.br\/shop\/#website\"},\"primaryImageOfPage\":{\"@id\":\"https:\/\/loja.arteduka.com.br\/shop\/produto\/molde-de-silicone-para-biscuit-olhinhos\/#primaryimage\"},\"image\":{\"@id\":\"https:\/\/loja.arteduka.com.br\/shop\/produto\/molde-de-silicone-para-biscuit-olhinhos\/#primaryimage\"},\"thumbnailUrl\":\"https:\/\/loja.arteduka.com.br\/wp-content\/uploads\/2021\/01\/molde-de-silicone-para-biscuit-olhinhos-5.jpeg\",\"datePublished\":\"2021-01-06T19:46:57+00:00\",\"dateModified\":\"2025-01-21T12:45:44+00:00\",\"description\":\"Molde de Olho . para criar olhos para personagens, colecion\u00e1veis, rostos realistas, rostos personalizados .Modelos a pronta entrega.\",\"breadcrumb\":{\"@id\":\"https:\/\/loja.arteduka.com.br\/shop\/produto\/molde-de-silicone-para-biscuit-olhinhos\/#breadcrumb\"},\"inLanguage\":\"pt-BR\",\"potentialAction\":[{\"@type\":\"ReadAction\",\"target\":[\"https:\/\/loja.arteduka.com.br\/shop\/produto\/molde-de-silicone-para-biscuit-olhinhos\/\"]}]},{\"@type\":\"ImageObject\",\"inLanguage\":\"pt-BR\",\"@id\":\"https:\/\/loja.arteduka.com.br\/shop\/produto\/molde-de-silicone-para-biscuit-olhinhos\/#primaryimage\",\"url\":\"https:\/\/loja.arteduka.com.br\/wp-content\/uploads\/2021\/01\/molde-de-silicone-para-biscuit-olhinhos-5.jpeg\",\"contentUrl\":\"https:\/\/loja.arteduka.com.br\/wp-content\/uploads\/2021\/01\/molde-de-silicone-para-biscuit-olhinhos-5.jpeg\",\"width\":1500,\"height\":1405},{\"@type\":\"BreadcrumbList\",\"@id\":\"https:\/\/loja.arteduka.com.br\/shop\/produto\/molde-de-silicone-para-biscuit-olhinhos\/#breadcrumb\",\"itemListElement\":[{\"@type\":\"ListItem\",\"position\":1,\"name\":\"In\u00edcio\",\"item\":\"https:\/\/loja.arteduka.com.br\/shop\/\"},{\"@type\":\"ListItem\",\"position\":2,\"name\":\"Materiais para Biscuit\",\"item\":\"https:\/\/loja.arteduka.com.br\/shop\/\"},{\"@type\":\"ListItem\",\"position\":3,\"name\":\"Molde de Silicone Para Biscuit Olhinhos\"}]},{\"@type\":\"WebSite\",\"@id\":\"https:\/\/loja.arteduka.com.br\/shop\/#website\",\"url\":\"https:\/\/loja.arteduka.com.br\/shop\/\",\"name\":\"loja.arteduka\",\"description\":\"materiais para biscuit\",\"publisher\":{\"@id\":\"https:\/\/loja.arteduka.com.br\/shop\/#organization\"},\"potentialAction\":[{\"@type\":\"SearchAction\",\"target\":{\"@type\":\"EntryPoint\",\"urlTemplate\":\"https:\/\/loja.arteduka.com.br\/shop\/?s={search_term_string}\"},\"query-input\":\"required name=search_term_string\"}],\"inLanguage\":\"pt-BR\"},{\"@type\":\"Organization\",\"@id\":\"https:\/\/loja.arteduka.com.br\/shop\/#organization\",\"name\":\"Arteduka\",\"url\":\"https:\/\/loja.arteduka.com.br\/shop\/\",\"logo\":{\"@type\":\"ImageObject\",\"inLanguage\":\"pt-BR\",\"@id\":\"https:\/\/loja.arteduka.com.br\/shop\/#\/schema\/logo\/image\/\",\"url\":\"https:\/\/loja.arteduka.com.br\/wp-content\/uploads\/2021\/06\/biscuit-3.png\",\"contentUrl\":\"https:\/\/loja.arteduka.com.br\/wp-content\/uploads\/2021\/06\/biscuit-3.png\",\"width\":32,\"height\":32,\"caption\":\"Arteduka\"},\"image\":{\"@id\":\"https:\/\/loja.arteduka.com.br\/shop\/#\/schema\/logo\/image\/\"},\"sameAs\":[\"https:\/\/www.facebook.com\/arteduka\",\"https:\/\/www.instagram.com\/arteduka\/\",\"https:\/\/www.youtube.com\/channel\/UC8FShWCe_tvSLnj3IONfFUA\"]}]}<\/script>\n<!-- \/ Yoast SEO plugin. -->","yoast_head_json":{"title":"Molde de Olho - Molde de Silicone para Biscuit - loja.arteduka","description":"Molde de Olho . para criar olhos para personagens, colecion\u00e1veis, rostos realistas, rostos personalizados .Modelos a pronta entrega.","robots":{"index":"index","follow":"follow","max-snippet":"max-snippet:-1","max-image-preview":"max-image-preview:large","max-video-preview":"max-video-preview:-1"},"canonical":"https:\/\/loja.arteduka.com.br\/shop\/produto\/molde-de-silicone-para-biscuit-olhinhos\/","og_locale":"pt_BR","og_type":"article","og_title":"Molde de Olho - Molde de Silicone para Biscuit - loja.arteduka","og_description":"Molde de Olho . para criar olhos para personagens, colecion\u00e1veis, rostos realistas, rostos personalizados .Modelos a pronta entrega.","og_url":"https:\/\/loja.arteduka.com.br\/shop\/produto\/molde-de-silicone-para-biscuit-olhinhos\/","og_site_name":"loja.arteduka","article_publisher":"https:\/\/www.facebook.com\/arteduka","article_modified_time":"2025-01-21T12:45:44+00:00","og_image":[{"width":1500,"height":1405,"url":"https:\/\/loja.arteduka.com.br\/wp-content\/uploads\/2021\/01\/molde-de-silicone-para-biscuit-olhinhos-5.jpeg","type":"image\/jpeg"}],"twitter_card":"summary_large_image","twitter_misc":{"Est. tempo de leitura":"1 minuto"},"schema":{"@context":"https:\/\/schema.org","@graph":[{"@type":"WebPage","@id":"https:\/\/loja.arteduka.com.br\/shop\/produto\/molde-de-silicone-para-biscuit-olhinhos\/","url":"https:\/\/loja.arteduka.com.br\/shop\/produto\/molde-de-silicone-para-biscuit-olhinhos\/","name":"Molde de Olho - Molde de Silicone para Biscuit - loja.arteduka","isPartOf":{"@id":"https:\/\/loja.arteduka.com.br\/shop\/#website"},"primaryImageOfPage":{"@id":"https:\/\/loja.arteduka.com.br\/shop\/produto\/molde-de-silicone-para-biscuit-olhinhos\/#primaryimage"},"image":{"@id":"https:\/\/loja.arteduka.com.br\/shop\/produto\/molde-de-silicone-para-biscuit-olhinhos\/#primaryimage"},"thumbnailUrl":"https:\/\/loja.arteduka.com.br\/wp-content\/uploads\/2021\/01\/molde-de-silicone-para-biscuit-olhinhos-5.jpeg","datePublished":"2021-01-06T19:46:57+00:00","dateModified":"2025-01-21T12:45:44+00:00","description":"Molde de Olho . para criar olhos para personagens, colecion\u00e1veis, rostos realistas, rostos personalizados .Modelos a pronta entrega.","breadcrumb":{"@id":"https:\/\/loja.arteduka.com.br\/shop\/produto\/molde-de-silicone-para-biscuit-olhinhos\/#breadcrumb"},"inLanguage":"pt-BR","potentialAction":[{"@type":"ReadAction","target":["https:\/\/loja.arteduka.com.br\/shop\/produto\/molde-de-silicone-para-biscuit-olhinhos\/"]}]},{"@type":"ImageObject","inLanguage":"pt-BR","@id":"https:\/\/loja.arteduka.com.br\/shop\/produto\/molde-de-silicone-para-biscuit-olhinhos\/#primaryimage","url":"https:\/\/loja.arteduka.com.br\/wp-content\/uploads\/2021\/01\/molde-de-silicone-para-biscuit-olhinhos-5.jpeg","contentUrl":"https:\/\/loja.arteduka.com.br\/wp-content\/uploads\/2021\/01\/molde-de-silicone-para-biscuit-olhinhos-5.jpeg","width":1500,"height":1405},{"@type":"BreadcrumbList","@id":"https:\/\/loja.arteduka.com.br\/shop\/produto\/molde-de-silicone-para-biscuit-olhinhos\/#breadcrumb","itemListElement":[{"@type":"ListItem","position":1,"name":"In\u00edcio","item":"https:\/\/loja.arteduka.com.br\/shop\/"},{"@type":"ListItem","position":2,"name":"Materiais para Biscuit","item":"https:\/\/loja.arteduka.com.br\/shop\/"},{"@type":"ListItem","position":3,"name":"Molde de Silicone Para Biscuit Olhinhos"}]},{"@type":"WebSite","@id":"https:\/\/loja.arteduka.com.br\/shop\/#website","url":"https:\/\/loja.arteduka.com.br\/shop\/","name":"loja.arteduka","description":"materiais para biscuit","publisher":{"@id":"https:\/\/loja.arteduka.com.br\/shop\/#organization"},"potentialAction":[{"@type":"SearchAction","target":{"@type":"EntryPoint","urlTemplate":"https:\/\/loja.arteduka.com.br\/shop\/?s={search_term_string}"},"query-input":"required name=search_term_string"}],"inLanguage":"pt-BR"},{"@type":"Organization","@id":"https:\/\/loja.arteduka.com.br\/shop\/#organization","name":"Arteduka","url":"https:\/\/loja.arteduka.com.br\/shop\/","logo":{"@type":"ImageObject","inLanguage":"pt-BR","@id":"https:\/\/loja.arteduka.com.br\/shop\/#\/schema\/logo\/image\/","url":"https:\/\/loja.arteduka.com.br\/wp-content\/uploads\/2021\/06\/biscuit-3.png","contentUrl":"https:\/\/loja.arteduka.com.br\/wp-content\/uploads\/2021\/06\/biscuit-3.png","width":32,"height":32,"caption":"Arteduka"},"image":{"@id":"https:\/\/loja.arteduka.com.br\/shop\/#\/schema\/logo\/image\/"},"sameAs":["https:\/\/www.facebook.com\/arteduka","https:\/\/www.instagram.com\/arteduka\/","https:\/\/www.youtube.com\/channel\/UC8FShWCe_tvSLnj3IONfFUA"]}]}},"jetpack_sharing_enabled":true,"_links":{"self":[{"href":"https:\/\/loja.arteduka.com.br\/shop\/wp-json\/wp\/v2\/product\/3716"}],"collection":[{"href":"https:\/\/loja.arteduka.com.br\/shop\/wp-json\/wp\/v2\/product"}],"about":[{"href":"https:\/\/loja.arteduka.com.br\/shop\/wp-json\/wp\/v2\/types\/product"}],"replies":[{"embeddable":true,"href":"https:\/\/loja.arteduka.com.br\/shop\/wp-json\/wp\/v2\/comments?post=3716"}],"wp:featuredmedia":[{"embeddable":true,"href":"https:\/\/loja.arteduka.com.br\/shop\/wp-json\/wp\/v2\/media\/3960"}],"wp:attachment":[{"href":"https:\/\/loja.arteduka.com.br\/shop\/wp-json\/wp\/v2\/media?parent=3716"}],"wp:term":[{"taxonomy":"product_cat","embeddable":true,"href":"https:\/\/loja.arteduka.com.br\/shop\/wp-json\/wp\/v2\/product_cat?post=3716"},{"taxonomy":"product_tag","embeddable":true,"href":"https:\/\/loja.arteduka.com.br\/shop\/wp-json\/wp\/v2\/product_tag?post=3716"}],"curies":[{"name":"wp","href":"https:\/\/api.w.org\/{rel}","templated":true}]}}